{"id":438,"date":"2016-08-03T15:43:48","date_gmt":"2016-08-03T15:43:48","guid":{"rendered":"http:\/\/abmekatek.com\/es\/accueil\/"},"modified":"2020-10-19T06:48:10","modified_gmt":"2020-10-19T11:48:10","slug":"inicio","status":"publish","type":"page","link":"https:\/\/www.abmekatek.com\/es\/","title":{"rendered":"In\u00edcio"},"content":{"rendered":"<div id=\"cs-content\" class=\"cs-content\"><\/div>\n","protected":false},"excerpt":{"rendered":"<p>C\u00f3mplices de su \u00e9xitoA.B. MEKATEK inc.Nuestro equipo es la base de nuestro \u00e9xito. Es por eso que buscamos trabajadores apasionados, a los que les guste innovar y superar los desafios. &#8230;<\/p>\n","protected":false},"author":4,"featured_media":0,"parent":0,"menu_order":0,"comment_status":"closed","ping_status":"closed","template":"template-blank-4.php","meta":{"_monsterinsights_skip_tracking":false,"_monsterinsights_sitenote_active":false,"_monsterinsights_sitenote_note":"","_monsterinsights_sitenote_category":0,"footnotes":""},"class_list":["post-438","page","type-page","status-publish","hentry","no-post-thumbnail"],"yoast_head":"<!-- This site is optimized with the Yoast SEO plugin v26.4 - https:\/\/yoast.com\/wordpress\/plugins\/seo\/ -->\n<title>Fabricante Punzones Matrices y utiler\u00eda | Mantenimiento de Matrices: A.B. Mekatek<\/title>\n<meta name=\"description\" content=\"En A.B. Mekatek descubra un amplio servicio de mantenimiento de Matrices. Conecte con el l\u00edder en fabricaci\u00f3n de punzones matrices y herramientas especializado en servicios de calidad.\" \/>\n<meta name=\"robots\" content=\"index, follow, max-snippet:-1, max-image-preview:large, max-video-preview:-1\" \/>\n<link rel=\"canonical\" href=\"https:\/\/www.abmekatek.com\/es\/\" \/>\n<meta property=\"og:locale\" content=\"es_ES\" \/>\n<meta property=\"og:type\" content=\"article\" \/>\n<meta property=\"og:title\" content=\"Fabricante Punzones Matrices y utiler\u00eda | Mantenimiento de Matrices: A.B. Mekatek\" \/>\n<meta property=\"og:description\" content=\"En A.B. Mekatek descubra un amplio servicio de mantenimiento de Matrices. Conecte con el l\u00edder en fabricaci\u00f3n de punzones matrices y herramientas especializado en servicios de calidad.\" \/>\n<meta property=\"og:url\" content=\"https:\/\/www.abmekatek.com\/es\/\" \/>\n<meta property=\"og:site_name\" content=\"A.B. Mekatek\" \/>\n<meta property=\"article:modified_time\" content=\"2020-10-19T11:48:10+00:00\" \/>\n<meta property=\"og:image\" content=\"https:\/\/www.abmekatek.com\/wp-content\/uploads\/2016\/08\/img-work.jpg\" \/>\n<meta name=\"twitter:card\" content=\"summary_large_image\" \/>\n<meta name=\"twitter:label1\" content=\"Est. reading time\" \/>\n\t<meta name=\"twitter:data1\" content=\"13 minutes\" \/>\n<script type=\"application\/ld+json\" class=\"yoast-schema-graph\">{\"@context\":\"https:\/\/schema.org\",\"@graph\":[{\"@type\":\"WebPage\",\"@id\":\"https:\/\/www.abmekatek.com\/es\/\",\"url\":\"https:\/\/www.abmekatek.com\/es\/\",\"name\":\"Fabricante Punzones Matrices y utiler\u00eda | Mantenimiento de Matrices: A.B. Mekatek\",\"isPartOf\":{\"@id\":\"https:\/\/www.abmekatek.com\/#website\"},\"primaryImageOfPage\":{\"@id\":\"https:\/\/www.abmekatek.com\/es\/#primaryimage\"},\"image\":{\"@id\":\"https:\/\/www.abmekatek.com\/es\/#primaryimage\"},\"thumbnailUrl\":\"https:\/\/www.abmekatek.com\/wp-content\/uploads\/2016\/08\/img-work.jpg\",\"datePublished\":\"2016-08-03T15:43:48+00:00\",\"dateModified\":\"2020-10-19T11:48:10+00:00\",\"description\":\"En A.B. Mekatek descubra un amplio servicio de mantenimiento de Matrices. Conecte con el l\u00edder en fabricaci\u00f3n de punzones matrices y herramientas especializado en servicios de calidad.\",\"breadcrumb\":{\"@id\":\"https:\/\/www.abmekatek.com\/es\/#breadcrumb\"},\"inLanguage\":\"es-CA\",\"potentialAction\":[{\"@type\":\"ReadAction\",\"target\":[\"https:\/\/www.abmekatek.com\/es\/\"]}]},{\"@type\":\"ImageObject\",\"inLanguage\":\"es-CA\",\"@id\":\"https:\/\/www.abmekatek.com\/es\/#primaryimage\",\"url\":\"https:\/\/www.abmekatek.com\/wp-content\/uploads\/2016\/08\/img-work.jpg\",\"contentUrl\":\"https:\/\/www.abmekatek.com\/wp-content\/uploads\/2016\/08\/img-work.jpg\"},{\"@type\":\"BreadcrumbList\",\"@id\":\"https:\/\/www.abmekatek.com\/es\/#breadcrumb\",\"itemListElement\":[{\"@type\":\"ListItem\",\"position\":1,\"name\":\"Home\",\"item\":\"https:\/\/www.abmekatek.com\/es\/\"},{\"@type\":\"ListItem\",\"position\":2,\"name\":\"In\u00edcio\"}]},{\"@type\":\"WebSite\",\"@id\":\"https:\/\/www.abmekatek.com\/#website\",\"url\":\"https:\/\/www.abmekatek.com\/\",\"name\":\"A.B. Mekatek\",\"description\":\"\",\"potentialAction\":[{\"@type\":\"SearchAction\",\"target\":{\"@type\":\"EntryPoint\",\"urlTemplate\":\"https:\/\/www.abmekatek.com\/?s={search_term_string}\"},\"query-input\":{\"@type\":\"PropertyValueSpecification\",\"valueRequired\":true,\"valueName\":\"search_term_string\"}}],\"inLanguage\":\"es-CA\"}]}<\/script>\n<!-- \/ Yoast SEO plugin. -->","yoast_head_json":{"title":"Fabricante Punzones Matrices y utiler\u00eda | Mantenimiento de Matrices: A.B. Mekatek","description":"En A.B. Mekatek descubra un amplio servicio de mantenimiento de Matrices. Conecte con el l\u00edder en fabricaci\u00f3n de punzones matrices y herramientas especializado en servicios de calidad.","robots":{"index":"index","follow":"follow","max-snippet":"max-snippet:-1","max-image-preview":"max-image-preview:large","max-video-preview":"max-video-preview:-1"},"canonical":"https:\/\/www.abmekatek.com\/es\/","og_locale":"es_ES","og_type":"article","og_title":"Fabricante Punzones Matrices y utiler\u00eda | Mantenimiento de Matrices: A.B. Mekatek","og_description":"En A.B. Mekatek descubra un amplio servicio de mantenimiento de Matrices. Conecte con el l\u00edder en fabricaci\u00f3n de punzones matrices y herramientas especializado en servicios de calidad.","og_url":"https:\/\/www.abmekatek.com\/es\/","og_site_name":"A.B. Mekatek","article_modified_time":"2020-10-19T11:48:10+00:00","og_image":[{"url":"https:\/\/www.abmekatek.com\/wp-content\/uploads\/2016\/08\/img-work.jpg","type":"","width":"","height":""}],"twitter_card":"summary_large_image","twitter_misc":{"Est. reading time":"13 minutes"},"schema":{"@context":"https:\/\/schema.org","@graph":[{"@type":"WebPage","@id":"https:\/\/www.abmekatek.com\/es\/","url":"https:\/\/www.abmekatek.com\/es\/","name":"Fabricante Punzones Matrices y utiler\u00eda | Mantenimiento de Matrices: A.B. Mekatek","isPartOf":{"@id":"https:\/\/www.abmekatek.com\/#website"},"primaryImageOfPage":{"@id":"https:\/\/www.abmekatek.com\/es\/#primaryimage"},"image":{"@id":"https:\/\/www.abmekatek.com\/es\/#primaryimage"},"thumbnailUrl":"https:\/\/www.abmekatek.com\/wp-content\/uploads\/2016\/08\/img-work.jpg","datePublished":"2016-08-03T15:43:48+00:00","dateModified":"2020-10-19T11:48:10+00:00","description":"En A.B. Mekatek descubra un amplio servicio de mantenimiento de Matrices. Conecte con el l\u00edder en fabricaci\u00f3n de punzones matrices y herramientas especializado en servicios de calidad.","breadcrumb":{"@id":"https:\/\/www.abmekatek.com\/es\/#breadcrumb"},"inLanguage":"es-CA","potentialAction":[{"@type":"ReadAction","target":["https:\/\/www.abmekatek.com\/es\/"]}]},{"@type":"ImageObject","inLanguage":"es-CA","@id":"https:\/\/www.abmekatek.com\/es\/#primaryimage","url":"https:\/\/www.abmekatek.com\/wp-content\/uploads\/2016\/08\/img-work.jpg","contentUrl":"https:\/\/www.abmekatek.com\/wp-content\/uploads\/2016\/08\/img-work.jpg"},{"@type":"BreadcrumbList","@id":"https:\/\/www.abmekatek.com\/es\/#breadcrumb","itemListElement":[{"@type":"ListItem","position":1,"name":"Home","item":"https:\/\/www.abmekatek.com\/es\/"},{"@type":"ListItem","position":2,"name":"In\u00edcio"}]},{"@type":"WebSite","@id":"https:\/\/www.abmekatek.com\/#website","url":"https:\/\/www.abmekatek.com\/","name":"A.B. Mekatek","description":"","potentialAction":[{"@type":"SearchAction","target":{"@type":"EntryPoint","urlTemplate":"https:\/\/www.abmekatek.com\/?s={search_term_string}"},"query-input":{"@type":"PropertyValueSpecification","valueRequired":true,"valueName":"search_term_string"}}],"inLanguage":"es-CA"}]}},"_links":{"self":[{"href":"https:\/\/www.abmekatek.com\/es\/wp-json\/wp\/v2\/pages\/438","targetHints":{"allow":["GET"]}}],"collection":[{"href":"https:\/\/www.abmekatek.com\/es\/wp-json\/wp\/v2\/pages"}],"about":[{"href":"https:\/\/www.abmekatek.com\/es\/wp-json\/wp\/v2\/types\/page"}],"author":[{"embeddable":true,"href":"https:\/\/www.abmekatek.com\/es\/wp-json\/wp\/v2\/users\/4"}],"replies":[{"embeddable":true,"href":"https:\/\/www.abmekatek.com\/es\/wp-json\/wp\/v2\/comments?post=438"}],"version-history":[{"count":0,"href":"https:\/\/www.abmekatek.com\/es\/wp-json\/wp\/v2\/pages\/438\/revisions"}],"wp:attachment":[{"href":"https:\/\/www.abmekatek.com\/es\/wp-json\/wp\/v2\/media?parent=438"}],"curies":[{"name":"wp","href":"https:\/\/api.w.org\/{rel}","templated":true}]}}