{"id":441,"date":"2016-08-16T01:45:36","date_gmt":"2016-08-16T01:45:36","guid":{"rendered":"http:\/\/abmekatek.com\/es\/entreprise\/carrieres\/"},"modified":"2023-11-30T09:43:32","modified_gmt":"2023-11-30T14:43:32","slug":"carreras","status":"publish","type":"page","link":"https:\/\/www.abmekatek.com\/es\/carreras\/","title":{"rendered":"Carreras"},"content":{"rendered":"<div id=\"cs-content\" class=\"cs-content\"><\/div>\n","protected":false},"excerpt":{"rendered":"","protected":false},"author":4,"featured_media":0,"parent":0,"menu_order":0,"comment_status":"closed","ping_status":"closed","template":"template-blank-4.php","meta":{"_monsterinsights_skip_tracking":false,"_monsterinsights_sitenote_active":false,"_monsterinsights_sitenote_note":"","_monsterinsights_sitenote_category":0,"footnotes":""},"class_list":["post-441","page","type-page","status-publish","hentry","no-post-thumbnail"],"yoast_head":"<!-- This site is optimized with the Yoast SEO plugin v26.4 - https:\/\/yoast.com\/wordpress\/plugins\/seo\/ -->\n<title>Joignez-vous \u00e0 notre \u00e9quipe: Pour une carri\u00e8re enrichissante<\/title>\n<meta name=\"description\" content=\"A.B MEKATEK offre des opportunit\u00e9s de carri\u00e8re stimulante. N&#039;h\u00e9sitez pas \u00e0 nous faire parvenir votre CV et restez \u00e0 l&#039;aff\u00fbt de nos offres d&#039;emploi !\" \/>\n<meta name=\"robots\" content=\"index, follow, max-snippet:-1, max-image-preview:large, max-video-preview:-1\" \/>\n<link rel=\"canonical\" href=\"https:\/\/www.abmekatek.com\/es\/carreras\/\" \/>\n<meta property=\"og:locale\" content=\"es_ES\" \/>\n<meta property=\"og:type\" content=\"article\" \/>\n<meta property=\"og:title\" content=\"Joignez-vous \u00e0 notre \u00e9quipe: Pour une carri\u00e8re enrichissante\" \/>\n<meta property=\"og:description\" content=\"A.B MEKATEK offre des opportunit\u00e9s de carri\u00e8re stimulante. N&#039;h\u00e9sitez pas \u00e0 nous faire parvenir votre CV et restez \u00e0 l&#039;aff\u00fbt de nos offres d&#039;emploi !\" \/>\n<meta property=\"og:url\" content=\"https:\/\/www.abmekatek.com\/es\/carreras\/\" \/>\n<meta property=\"og:site_name\" content=\"A.B. Mekatek\" \/>\n<meta property=\"article:modified_time\" content=\"2023-11-30T14:43:32+00:00\" \/>\n<meta name=\"twitter:card\" content=\"summary_large_image\" \/>\n<meta name=\"twitter:label1\" content=\"Est. reading time\" \/>\n\t<meta name=\"twitter:data1\" content=\"10 minutes\" \/>\n<script type=\"application\/ld+json\" class=\"yoast-schema-graph\">{\"@context\":\"https:\/\/schema.org\",\"@graph\":[{\"@type\":\"WebPage\",\"@id\":\"https:\/\/www.abmekatek.com\/es\/carreras\/\",\"url\":\"https:\/\/www.abmekatek.com\/es\/carreras\/\",\"name\":\"Joignez-vous \u00e0 notre \u00e9quipe: Pour une carri\u00e8re enrichissante\",\"isPartOf\":{\"@id\":\"https:\/\/www.abmekatek.com\/#website\"},\"datePublished\":\"2016-08-16T01:45:36+00:00\",\"dateModified\":\"2023-11-30T14:43:32+00:00\",\"description\":\"A.B MEKATEK offre des opportunit\u00e9s de carri\u00e8re stimulante. N'h\u00e9sitez pas \u00e0 nous faire parvenir votre CV et restez \u00e0 l'aff\u00fbt de nos offres d'emploi !\",\"breadcrumb\":{\"@id\":\"https:\/\/www.abmekatek.com\/es\/carreras\/#breadcrumb\"},\"inLanguage\":\"es-CA\",\"potentialAction\":[{\"@type\":\"ReadAction\",\"target\":[\"https:\/\/www.abmekatek.com\/es\/carreras\/\"]}]},{\"@type\":\"BreadcrumbList\",\"@id\":\"https:\/\/www.abmekatek.com\/es\/carreras\/#breadcrumb\",\"itemListElement\":[{\"@type\":\"ListItem\",\"position\":1,\"name\":\"Home\",\"item\":\"https:\/\/www.abmekatek.com\/es\/\"},{\"@type\":\"ListItem\",\"position\":2,\"name\":\"Carreras\"}]},{\"@type\":\"WebSite\",\"@id\":\"https:\/\/www.abmekatek.com\/#website\",\"url\":\"https:\/\/www.abmekatek.com\/\",\"name\":\"A.B. Mekatek\",\"description\":\"\",\"potentialAction\":[{\"@type\":\"SearchAction\",\"target\":{\"@type\":\"EntryPoint\",\"urlTemplate\":\"https:\/\/www.abmekatek.com\/?s={search_term_string}\"},\"query-input\":{\"@type\":\"PropertyValueSpecification\",\"valueRequired\":true,\"valueName\":\"search_term_string\"}}],\"inLanguage\":\"es-CA\"}]}<\/script>\n<!-- \/ Yoast SEO plugin. -->","yoast_head_json":{"title":"Joignez-vous \u00e0 notre \u00e9quipe: Pour une carri\u00e8re enrichissante","description":"A.B MEKATEK offre des opportunit\u00e9s de carri\u00e8re stimulante. N'h\u00e9sitez pas \u00e0 nous faire parvenir votre CV et restez \u00e0 l'aff\u00fbt de nos offres d'emploi !","robots":{"index":"index","follow":"follow","max-snippet":"max-snippet:-1","max-image-preview":"max-image-preview:large","max-video-preview":"max-video-preview:-1"},"canonical":"https:\/\/www.abmekatek.com\/es\/carreras\/","og_locale":"es_ES","og_type":"article","og_title":"Joignez-vous \u00e0 notre \u00e9quipe: Pour une carri\u00e8re enrichissante","og_description":"A.B MEKATEK offre des opportunit\u00e9s de carri\u00e8re stimulante. N'h\u00e9sitez pas \u00e0 nous faire parvenir votre CV et restez \u00e0 l'aff\u00fbt de nos offres d'emploi !","og_url":"https:\/\/www.abmekatek.com\/es\/carreras\/","og_site_name":"A.B. Mekatek","article_modified_time":"2023-11-30T14:43:32+00:00","twitter_card":"summary_large_image","twitter_misc":{"Est. reading time":"10 minutes"},"schema":{"@context":"https:\/\/schema.org","@graph":[{"@type":"WebPage","@id":"https:\/\/www.abmekatek.com\/es\/carreras\/","url":"https:\/\/www.abmekatek.com\/es\/carreras\/","name":"Joignez-vous \u00e0 notre \u00e9quipe: Pour une carri\u00e8re enrichissante","isPartOf":{"@id":"https:\/\/www.abmekatek.com\/#website"},"datePublished":"2016-08-16T01:45:36+00:00","dateModified":"2023-11-30T14:43:32+00:00","description":"A.B MEKATEK offre des opportunit\u00e9s de carri\u00e8re stimulante. N'h\u00e9sitez pas \u00e0 nous faire parvenir votre CV et restez \u00e0 l'aff\u00fbt de nos offres d'emploi !","breadcrumb":{"@id":"https:\/\/www.abmekatek.com\/es\/carreras\/#breadcrumb"},"inLanguage":"es-CA","potentialAction":[{"@type":"ReadAction","target":["https:\/\/www.abmekatek.com\/es\/carreras\/"]}]},{"@type":"BreadcrumbList","@id":"https:\/\/www.abmekatek.com\/es\/carreras\/#breadcrumb","itemListElement":[{"@type":"ListItem","position":1,"name":"Home","item":"https:\/\/www.abmekatek.com\/es\/"},{"@type":"ListItem","position":2,"name":"Carreras"}]},{"@type":"WebSite","@id":"https:\/\/www.abmekatek.com\/#website","url":"https:\/\/www.abmekatek.com\/","name":"A.B. Mekatek","description":"","potentialAction":[{"@type":"SearchAction","target":{"@type":"EntryPoint","urlTemplate":"https:\/\/www.abmekatek.com\/?s={search_term_string}"},"query-input":{"@type":"PropertyValueSpecification","valueRequired":true,"valueName":"search_term_string"}}],"inLanguage":"es-CA"}]}},"_links":{"self":[{"href":"https:\/\/www.abmekatek.com\/es\/wp-json\/wp\/v2\/pages\/441","targetHints":{"allow":["GET"]}}],"collection":[{"href":"https:\/\/www.abmekatek.com\/es\/wp-json\/wp\/v2\/pages"}],"about":[{"href":"https:\/\/www.abmekatek.com\/es\/wp-json\/wp\/v2\/types\/page"}],"author":[{"embeddable":true,"href":"https:\/\/www.abmekatek.com\/es\/wp-json\/wp\/v2\/users\/4"}],"replies":[{"embeddable":true,"href":"https:\/\/www.abmekatek.com\/es\/wp-json\/wp\/v2\/comments?post=441"}],"version-history":[{"count":0,"href":"https:\/\/www.abmekatek.com\/es\/wp-json\/wp\/v2\/pages\/441\/revisions"}],"wp:attachment":[{"href":"https:\/\/www.abmekatek.com\/es\/wp-json\/wp\/v2\/media?parent=441"}],"curies":[{"name":"wp","href":"https:\/\/api.w.org\/{rel}","templated":true}]}}