{"id":447,"date":"2015-04-08T18:39:18","date_gmt":"2015-04-08T18:39:18","guid":{"rendered":"http:\/\/abmekatek.com\/es\/nous-joindre\/"},"modified":"2020-10-19T07:42:16","modified_gmt":"2020-10-19T12:42:16","slug":"contacto","status":"publish","type":"page","link":"https:\/\/www.abmekatek.com\/es\/contacto\/","title":{"rendered":"Contacto"},"content":{"rendered":"<div id=\"cs-content\" class=\"cs-content\"><\/div>\n","protected":false},"excerpt":{"rendered":"<p>Preguntas o comentarios? No dude en contactarnos H\u00e1blenos de su proyecto Tu nombre*Tu Email* Su tel\u00e9fono*TemaTu mensajeNameThis field is for validation purposes and should be left unchanged. jQuery(document).ready(function($){gformInitSpinner( 10, &#8216;https:\/\/www.abmekatek.com\/wp-content\/plugins\/gravityforms\/images\/spinner.gif&#8217; &#8230;<\/p>\n","protected":false},"author":4,"featured_media":0,"parent":0,"menu_order":0,"comment_status":"closed","ping_status":"closed","template":"template-blank-4.php","meta":{"_monsterinsights_skip_tracking":false,"_monsterinsights_sitenote_active":false,"_monsterinsights_sitenote_note":"","_monsterinsights_sitenote_category":0,"footnotes":""},"class_list":["post-447","page","type-page","status-publish","hentry","no-post-thumbnail"],"yoast_head":"<!-- This site is optimized with the Yoast SEO plugin v26.4 - https:\/\/yoast.com\/wordpress\/plugins\/seo\/ -->\n<title>Nous joindre: N&#039;h\u00e9sitez pas \u00e0 nous appeler pour toutes questions<\/title>\n<meta name=\"description\" content=\"Notre \u00e9quipe de professionnels est disponible pour r\u00e9pondre \u00e0 vos questions. Pour nous joindre, contactez-nous par courriel ou par t\u00e9l\u00e9phone !\" \/>\n<meta name=\"robots\" content=\"index, follow, max-snippet:-1, max-image-preview:large, max-video-preview:-1\" \/>\n<link rel=\"canonical\" href=\"https:\/\/www.abmekatek.com\/es\/contacto\/\" \/>\n<meta property=\"og:locale\" content=\"es_ES\" \/>\n<meta property=\"og:type\" content=\"article\" \/>\n<meta property=\"og:title\" content=\"Nous joindre: N&#039;h\u00e9sitez pas \u00e0 nous appeler pour toutes questions\" \/>\n<meta property=\"og:description\" content=\"Notre \u00e9quipe de professionnels est disponible pour r\u00e9pondre \u00e0 vos questions. Pour nous joindre, contactez-nous par courriel ou par t\u00e9l\u00e9phone !\" \/>\n<meta property=\"og:url\" content=\"https:\/\/www.abmekatek.com\/es\/contacto\/\" \/>\n<meta property=\"og:site_name\" content=\"A.B. Mekatek\" \/>\n<meta property=\"article:modified_time\" content=\"2020-10-19T12:42:16+00:00\" \/>\n<meta property=\"og:image\" content=\"https:\/\/www.abmekatek.com\/wp-content\/uploads\/2016\/09\/Joseph-Bonnano.jpg\" \/>\n<meta name=\"twitter:card\" content=\"summary_large_image\" \/>\n<meta name=\"twitter:label1\" content=\"Est. reading time\" \/>\n\t<meta name=\"twitter:data1\" content=\"8 minutes\" \/>\n<script type=\"application\/ld+json\" class=\"yoast-schema-graph\">{\"@context\":\"https:\/\/schema.org\",\"@graph\":[{\"@type\":\"WebPage\",\"@id\":\"https:\/\/www.abmekatek.com\/es\/contacto\/\",\"url\":\"https:\/\/www.abmekatek.com\/es\/contacto\/\",\"name\":\"Nous joindre: N'h\u00e9sitez pas \u00e0 nous appeler pour toutes questions\",\"isPartOf\":{\"@id\":\"https:\/\/www.abmekatek.com\/#website\"},\"primaryImageOfPage\":{\"@id\":\"https:\/\/www.abmekatek.com\/es\/contacto\/#primaryimage\"},\"image\":{\"@id\":\"https:\/\/www.abmekatek.com\/es\/contacto\/#primaryimage\"},\"thumbnailUrl\":\"https:\/\/www.abmekatek.com\/wp-content\/uploads\/2016\/09\/Joseph-Bonnano.jpg\",\"datePublished\":\"2015-04-08T18:39:18+00:00\",\"dateModified\":\"2020-10-19T12:42:16+00:00\",\"description\":\"Notre \u00e9quipe de professionnels est disponible pour r\u00e9pondre \u00e0 vos questions. Pour nous joindre, contactez-nous par courriel ou par t\u00e9l\u00e9phone !\",\"breadcrumb\":{\"@id\":\"https:\/\/www.abmekatek.com\/es\/contacto\/#breadcrumb\"},\"inLanguage\":\"es-CA\",\"potentialAction\":[{\"@type\":\"ReadAction\",\"target\":[\"https:\/\/www.abmekatek.com\/es\/contacto\/\"]}]},{\"@type\":\"ImageObject\",\"inLanguage\":\"es-CA\",\"@id\":\"https:\/\/www.abmekatek.com\/es\/contacto\/#primaryimage\",\"url\":\"https:\/\/www.abmekatek.com\/wp-content\/uploads\/2016\/09\/Joseph-Bonnano.jpg\",\"contentUrl\":\"https:\/\/www.abmekatek.com\/wp-content\/uploads\/2016\/09\/Joseph-Bonnano.jpg\"},{\"@type\":\"BreadcrumbList\",\"@id\":\"https:\/\/www.abmekatek.com\/es\/contacto\/#breadcrumb\",\"itemListElement\":[{\"@type\":\"ListItem\",\"position\":1,\"name\":\"Home\",\"item\":\"https:\/\/www.abmekatek.com\/es\/\"},{\"@type\":\"ListItem\",\"position\":2,\"name\":\"Contacto\"}]},{\"@type\":\"WebSite\",\"@id\":\"https:\/\/www.abmekatek.com\/#website\",\"url\":\"https:\/\/www.abmekatek.com\/\",\"name\":\"A.B. Mekatek\",\"description\":\"\",\"potentialAction\":[{\"@type\":\"SearchAction\",\"target\":{\"@type\":\"EntryPoint\",\"urlTemplate\":\"https:\/\/www.abmekatek.com\/?s={search_term_string}\"},\"query-input\":{\"@type\":\"PropertyValueSpecification\",\"valueRequired\":true,\"valueName\":\"search_term_string\"}}],\"inLanguage\":\"es-CA\"}]}<\/script>\n<!-- \/ Yoast SEO plugin. -->","yoast_head_json":{"title":"Nous joindre: N'h\u00e9sitez pas \u00e0 nous appeler pour toutes questions","description":"Notre \u00e9quipe de professionnels est disponible pour r\u00e9pondre \u00e0 vos questions. Pour nous joindre, contactez-nous par courriel ou par t\u00e9l\u00e9phone !","robots":{"index":"index","follow":"follow","max-snippet":"max-snippet:-1","max-image-preview":"max-image-preview:large","max-video-preview":"max-video-preview:-1"},"canonical":"https:\/\/www.abmekatek.com\/es\/contacto\/","og_locale":"es_ES","og_type":"article","og_title":"Nous joindre: N'h\u00e9sitez pas \u00e0 nous appeler pour toutes questions","og_description":"Notre \u00e9quipe de professionnels est disponible pour r\u00e9pondre \u00e0 vos questions. Pour nous joindre, contactez-nous par courriel ou par t\u00e9l\u00e9phone !","og_url":"https:\/\/www.abmekatek.com\/es\/contacto\/","og_site_name":"A.B. Mekatek","article_modified_time":"2020-10-19T12:42:16+00:00","og_image":[{"url":"https:\/\/www.abmekatek.com\/wp-content\/uploads\/2016\/09\/Joseph-Bonnano.jpg","type":"","width":"","height":""}],"twitter_card":"summary_large_image","twitter_misc":{"Est. reading time":"8 minutes"},"schema":{"@context":"https:\/\/schema.org","@graph":[{"@type":"WebPage","@id":"https:\/\/www.abmekatek.com\/es\/contacto\/","url":"https:\/\/www.abmekatek.com\/es\/contacto\/","name":"Nous joindre: N'h\u00e9sitez pas \u00e0 nous appeler pour toutes questions","isPartOf":{"@id":"https:\/\/www.abmekatek.com\/#website"},"primaryImageOfPage":{"@id":"https:\/\/www.abmekatek.com\/es\/contacto\/#primaryimage"},"image":{"@id":"https:\/\/www.abmekatek.com\/es\/contacto\/#primaryimage"},"thumbnailUrl":"https:\/\/www.abmekatek.com\/wp-content\/uploads\/2016\/09\/Joseph-Bonnano.jpg","datePublished":"2015-04-08T18:39:18+00:00","dateModified":"2020-10-19T12:42:16+00:00","description":"Notre \u00e9quipe de professionnels est disponible pour r\u00e9pondre \u00e0 vos questions. Pour nous joindre, contactez-nous par courriel ou par t\u00e9l\u00e9phone !","breadcrumb":{"@id":"https:\/\/www.abmekatek.com\/es\/contacto\/#breadcrumb"},"inLanguage":"es-CA","potentialAction":[{"@type":"ReadAction","target":["https:\/\/www.abmekatek.com\/es\/contacto\/"]}]},{"@type":"ImageObject","inLanguage":"es-CA","@id":"https:\/\/www.abmekatek.com\/es\/contacto\/#primaryimage","url":"https:\/\/www.abmekatek.com\/wp-content\/uploads\/2016\/09\/Joseph-Bonnano.jpg","contentUrl":"https:\/\/www.abmekatek.com\/wp-content\/uploads\/2016\/09\/Joseph-Bonnano.jpg"},{"@type":"BreadcrumbList","@id":"https:\/\/www.abmekatek.com\/es\/contacto\/#breadcrumb","itemListElement":[{"@type":"ListItem","position":1,"name":"Home","item":"https:\/\/www.abmekatek.com\/es\/"},{"@type":"ListItem","position":2,"name":"Contacto"}]},{"@type":"WebSite","@id":"https:\/\/www.abmekatek.com\/#website","url":"https:\/\/www.abmekatek.com\/","name":"A.B. Mekatek","description":"","potentialAction":[{"@type":"SearchAction","target":{"@type":"EntryPoint","urlTemplate":"https:\/\/www.abmekatek.com\/?s={search_term_string}"},"query-input":{"@type":"PropertyValueSpecification","valueRequired":true,"valueName":"search_term_string"}}],"inLanguage":"es-CA"}]}},"_links":{"self":[{"href":"https:\/\/www.abmekatek.com\/es\/wp-json\/wp\/v2\/pages\/447","targetHints":{"allow":["GET"]}}],"collection":[{"href":"https:\/\/www.abmekatek.com\/es\/wp-json\/wp\/v2\/pages"}],"about":[{"href":"https:\/\/www.abmekatek.com\/es\/wp-json\/wp\/v2\/types\/page"}],"author":[{"embeddable":true,"href":"https:\/\/www.abmekatek.com\/es\/wp-json\/wp\/v2\/users\/4"}],"replies":[{"embeddable":true,"href":"https:\/\/www.abmekatek.com\/es\/wp-json\/wp\/v2\/comments?post=447"}],"version-history":[{"count":0,"href":"https:\/\/www.abmekatek.com\/es\/wp-json\/wp\/v2\/pages\/447\/revisions"}],"wp:attachment":[{"href":"https:\/\/www.abmekatek.com\/es\/wp-json\/wp\/v2\/media?parent=447"}],"curies":[{"name":"wp","href":"https:\/\/api.w.org\/{rel}","templated":true}]}}