{"id":455,"date":"2016-08-24T19:30:46","date_gmt":"2016-08-24T19:30:46","guid":{"rendered":"http:\/\/abmekatek.com\/es\/nos-services\/entretien-et-reparation\/"},"modified":"2020-11-25T09:57:09","modified_gmt":"2020-11-25T14:57:09","slug":"mantenimiento-y-reparacion","status":"publish","type":"page","link":"https:\/\/www.abmekatek.com\/es\/nuestros-servicios\/mantenimiento-y-reparacion\/","title":{"rendered":"Mantenimiento y reparaci\u00f3n"},"content":{"rendered":"<div id=\"cs-content\" class=\"cs-content\"><\/div>\n","protected":false},"excerpt":{"rendered":"<p>Para un servicio cort\u00e9s y r\u00e1pido Mantenimiento y reparaci\u00f3n Nuestro personal calificado as\u00ed como nuestra experiencia nos permite ofrecer un servicio r\u00e1pido y de calidad.A.B. Mekatek tambi\u00e9n ofrece un servicio &#8230;<\/p>\n","protected":false},"author":4,"featured_media":0,"parent":453,"menu_order":0,"comment_status":"closed","ping_status":"closed","template":"template-blank-4.php","meta":{"_monsterinsights_skip_tracking":false,"_monsterinsights_sitenote_active":false,"_monsterinsights_sitenote_note":"","_monsterinsights_sitenote_category":0,"footnotes":""},"class_list":["post-455","page","type-page","status-publish","hentry","no-post-thumbnail"],"yoast_head":"<!-- This site is optimized with the Yoast SEO plugin v26.4 - https:\/\/yoast.com\/wordpress\/plugins\/seo\/ -->\n<title>Mantenimiento y reparaci\u00f3n de Matriz | Mantenimiento de utiler\u00eda y matriz<\/title>\n<meta name=\"description\" content=\"Use los servicios expertos de mantenimiento y reparaci\u00f3n de matrices. En A.B. Mekatek, nos esforzamos en dar mantenimiento de calidad para herramientas y matrices de nuestros clientes.\" \/>\n<meta name=\"robots\" content=\"index, follow, max-snippet:-1, max-image-preview:large, max-video-preview:-1\" \/>\n<link rel=\"canonical\" href=\"https:\/\/www.abmekatek.com\/es\/nuestros-servicios\/mantenimiento-y-reparacion\/\" \/>\n<meta property=\"og:locale\" content=\"es_ES\" \/>\n<meta property=\"og:type\" content=\"article\" \/>\n<meta property=\"og:title\" content=\"Mantenimiento y reparaci\u00f3n de Matriz | Mantenimiento de utiler\u00eda y matriz\" \/>\n<meta property=\"og:description\" content=\"Use los servicios expertos de mantenimiento y reparaci\u00f3n de matrices. En A.B. Mekatek, nos esforzamos en dar mantenimiento de calidad para herramientas y matrices de nuestros clientes.\" \/>\n<meta property=\"og:url\" content=\"https:\/\/www.abmekatek.com\/es\/nuestros-servicios\/mantenimiento-y-reparacion\/\" \/>\n<meta property=\"og:site_name\" content=\"A.B. Mekatek\" \/>\n<meta property=\"article:modified_time\" content=\"2020-11-25T14:57:09+00:00\" \/>\n<meta property=\"og:image\" content=\"https:\/\/www.abmekatek.com\/wp-content\/uploads\/2016\/08\/img-slideshow-bottom-home-01.jpg\" \/>\n<meta name=\"twitter:card\" content=\"summary_large_image\" \/>\n<meta name=\"twitter:label1\" content=\"Est. reading time\" \/>\n\t<meta name=\"twitter:data1\" content=\"3 minutes\" \/>\n<script type=\"application\/ld+json\" class=\"yoast-schema-graph\">{\"@context\":\"https:\/\/schema.org\",\"@graph\":[{\"@type\":\"WebPage\",\"@id\":\"https:\/\/www.abmekatek.com\/es\/nuestros-servicios\/mantenimiento-y-reparacion\/\",\"url\":\"https:\/\/www.abmekatek.com\/es\/nuestros-servicios\/mantenimiento-y-reparacion\/\",\"name\":\"Mantenimiento y reparaci\u00f3n de Matriz | Mantenimiento de utiler\u00eda y matriz\",\"isPartOf\":{\"@id\":\"https:\/\/www.abmekatek.com\/#website\"},\"primaryImageOfPage\":{\"@id\":\"https:\/\/www.abmekatek.com\/es\/nuestros-servicios\/mantenimiento-y-reparacion\/#primaryimage\"},\"image\":{\"@id\":\"https:\/\/www.abmekatek.com\/es\/nuestros-servicios\/mantenimiento-y-reparacion\/#primaryimage\"},\"thumbnailUrl\":\"https:\/\/www.abmekatek.com\/wp-content\/uploads\/2016\/08\/img-slideshow-bottom-home-01.jpg\",\"datePublished\":\"2016-08-24T19:30:46+00:00\",\"dateModified\":\"2020-11-25T14:57:09+00:00\",\"description\":\"Use los servicios expertos de mantenimiento y reparaci\u00f3n de matrices. En A.B. Mekatek, nos esforzamos en dar mantenimiento de calidad para herramientas y matrices de nuestros clientes.\",\"breadcrumb\":{\"@id\":\"https:\/\/www.abmekatek.com\/es\/nuestros-servicios\/mantenimiento-y-reparacion\/#breadcrumb\"},\"inLanguage\":\"es-CA\",\"potentialAction\":[{\"@type\":\"ReadAction\",\"target\":[\"https:\/\/www.abmekatek.com\/es\/nuestros-servicios\/mantenimiento-y-reparacion\/\"]}]},{\"@type\":\"ImageObject\",\"inLanguage\":\"es-CA\",\"@id\":\"https:\/\/www.abmekatek.com\/es\/nuestros-servicios\/mantenimiento-y-reparacion\/#primaryimage\",\"url\":\"https:\/\/www.abmekatek.com\/wp-content\/uploads\/2016\/08\/img-slideshow-bottom-home-01.jpg\",\"contentUrl\":\"https:\/\/www.abmekatek.com\/wp-content\/uploads\/2016\/08\/img-slideshow-bottom-home-01.jpg\"},{\"@type\":\"BreadcrumbList\",\"@id\":\"https:\/\/www.abmekatek.com\/es\/nuestros-servicios\/mantenimiento-y-reparacion\/#breadcrumb\",\"itemListElement\":[{\"@type\":\"ListItem\",\"position\":1,\"name\":\"Home\",\"item\":\"https:\/\/www.abmekatek.com\/es\/\"},{\"@type\":\"ListItem\",\"position\":2,\"name\":\"Servicios\",\"item\":\"https:\/\/www.abmekatek.com\/es\/nuestros-servicios\/\"},{\"@type\":\"ListItem\",\"position\":3,\"name\":\"Mantenimiento y reparaci\u00f3n\"}]},{\"@type\":\"WebSite\",\"@id\":\"https:\/\/www.abmekatek.com\/#website\",\"url\":\"https:\/\/www.abmekatek.com\/\",\"name\":\"A.B. Mekatek\",\"description\":\"\",\"potentialAction\":[{\"@type\":\"SearchAction\",\"target\":{\"@type\":\"EntryPoint\",\"urlTemplate\":\"https:\/\/www.abmekatek.com\/?s={search_term_string}\"},\"query-input\":{\"@type\":\"PropertyValueSpecification\",\"valueRequired\":true,\"valueName\":\"search_term_string\"}}],\"inLanguage\":\"es-CA\"}]}<\/script>\n<!-- \/ Yoast SEO plugin. -->","yoast_head_json":{"title":"Mantenimiento y reparaci\u00f3n de Matriz | Mantenimiento de utiler\u00eda y matriz","description":"Use los servicios expertos de mantenimiento y reparaci\u00f3n de matrices. En A.B. Mekatek, nos esforzamos en dar mantenimiento de calidad para herramientas y matrices de nuestros clientes.","robots":{"index":"index","follow":"follow","max-snippet":"max-snippet:-1","max-image-preview":"max-image-preview:large","max-video-preview":"max-video-preview:-1"},"canonical":"https:\/\/www.abmekatek.com\/es\/nuestros-servicios\/mantenimiento-y-reparacion\/","og_locale":"es_ES","og_type":"article","og_title":"Mantenimiento y reparaci\u00f3n de Matriz | Mantenimiento de utiler\u00eda y matriz","og_description":"Use los servicios expertos de mantenimiento y reparaci\u00f3n de matrices. En A.B. Mekatek, nos esforzamos en dar mantenimiento de calidad para herramientas y matrices de nuestros clientes.","og_url":"https:\/\/www.abmekatek.com\/es\/nuestros-servicios\/mantenimiento-y-reparacion\/","og_site_name":"A.B. Mekatek","article_modified_time":"2020-11-25T14:57:09+00:00","og_image":[{"url":"https:\/\/www.abmekatek.com\/wp-content\/uploads\/2016\/08\/img-slideshow-bottom-home-01.jpg","type":"","width":"","height":""}],"twitter_card":"summary_large_image","twitter_misc":{"Est. reading time":"3 minutes"},"schema":{"@context":"https:\/\/schema.org","@graph":[{"@type":"WebPage","@id":"https:\/\/www.abmekatek.com\/es\/nuestros-servicios\/mantenimiento-y-reparacion\/","url":"https:\/\/www.abmekatek.com\/es\/nuestros-servicios\/mantenimiento-y-reparacion\/","name":"Mantenimiento y reparaci\u00f3n de Matriz | Mantenimiento de utiler\u00eda y matriz","isPartOf":{"@id":"https:\/\/www.abmekatek.com\/#website"},"primaryImageOfPage":{"@id":"https:\/\/www.abmekatek.com\/es\/nuestros-servicios\/mantenimiento-y-reparacion\/#primaryimage"},"image":{"@id":"https:\/\/www.abmekatek.com\/es\/nuestros-servicios\/mantenimiento-y-reparacion\/#primaryimage"},"thumbnailUrl":"https:\/\/www.abmekatek.com\/wp-content\/uploads\/2016\/08\/img-slideshow-bottom-home-01.jpg","datePublished":"2016-08-24T19:30:46+00:00","dateModified":"2020-11-25T14:57:09+00:00","description":"Use los servicios expertos de mantenimiento y reparaci\u00f3n de matrices. En A.B. Mekatek, nos esforzamos en dar mantenimiento de calidad para herramientas y matrices de nuestros clientes.","breadcrumb":{"@id":"https:\/\/www.abmekatek.com\/es\/nuestros-servicios\/mantenimiento-y-reparacion\/#breadcrumb"},"inLanguage":"es-CA","potentialAction":[{"@type":"ReadAction","target":["https:\/\/www.abmekatek.com\/es\/nuestros-servicios\/mantenimiento-y-reparacion\/"]}]},{"@type":"ImageObject","inLanguage":"es-CA","@id":"https:\/\/www.abmekatek.com\/es\/nuestros-servicios\/mantenimiento-y-reparacion\/#primaryimage","url":"https:\/\/www.abmekatek.com\/wp-content\/uploads\/2016\/08\/img-slideshow-bottom-home-01.jpg","contentUrl":"https:\/\/www.abmekatek.com\/wp-content\/uploads\/2016\/08\/img-slideshow-bottom-home-01.jpg"},{"@type":"BreadcrumbList","@id":"https:\/\/www.abmekatek.com\/es\/nuestros-servicios\/mantenimiento-y-reparacion\/#breadcrumb","itemListElement":[{"@type":"ListItem","position":1,"name":"Home","item":"https:\/\/www.abmekatek.com\/es\/"},{"@type":"ListItem","position":2,"name":"Servicios","item":"https:\/\/www.abmekatek.com\/es\/nuestros-servicios\/"},{"@type":"ListItem","position":3,"name":"Mantenimiento y reparaci\u00f3n"}]},{"@type":"WebSite","@id":"https:\/\/www.abmekatek.com\/#website","url":"https:\/\/www.abmekatek.com\/","name":"A.B. Mekatek","description":"","potentialAction":[{"@type":"SearchAction","target":{"@type":"EntryPoint","urlTemplate":"https:\/\/www.abmekatek.com\/?s={search_term_string}"},"query-input":{"@type":"PropertyValueSpecification","valueRequired":true,"valueName":"search_term_string"}}],"inLanguage":"es-CA"}]}},"_links":{"self":[{"href":"https:\/\/www.abmekatek.com\/es\/wp-json\/wp\/v2\/pages\/455","targetHints":{"allow":["GET"]}}],"collection":[{"href":"https:\/\/www.abmekatek.com\/es\/wp-json\/wp\/v2\/pages"}],"about":[{"href":"https:\/\/www.abmekatek.com\/es\/wp-json\/wp\/v2\/types\/page"}],"author":[{"embeddable":true,"href":"https:\/\/www.abmekatek.com\/es\/wp-json\/wp\/v2\/users\/4"}],"replies":[{"embeddable":true,"href":"https:\/\/www.abmekatek.com\/es\/wp-json\/wp\/v2\/comments?post=455"}],"version-history":[{"count":0,"href":"https:\/\/www.abmekatek.com\/es\/wp-json\/wp\/v2\/pages\/455\/revisions"}],"up":[{"embeddable":true,"href":"https:\/\/www.abmekatek.com\/es\/wp-json\/wp\/v2\/pages\/453"}],"wp:attachment":[{"href":"https:\/\/www.abmekatek.com\/es\/wp-json\/wp\/v2\/media?parent=455"}],"curies":[{"name":"wp","href":"https:\/\/api.w.org\/{rel}","templated":true}]}}